{"id":28,"date":"2014-09-17T17:38:16","date_gmt":"2014-09-17T17:38:16","guid":{"rendered":"http:\/\/egirassol.com.br\/home?page_id=28"},"modified":"2024-11-29T14:33:13","modified_gmt":"2024-11-29T14:33:13","slug":"contato","status":"publish","type":"page","link":"https:\/\/www.egirassol.com.br\/home\/contato\/","title":{"rendered":"Contato"},"content":{"rendered":"<p style=\"text-align: center;\"><span style=\"color: #000080;\"><strong>Educa\u00e7\u00e3o Infantil, Ensino Fundamental e M\u00e9dio<\/strong><\/span><\/p>\n<p><strong><span style=\"color: #000000;\">Av. Franklin de Albuquerque, 521, Qd. 07 &#8211; CEP: 47200-000\u00a0\u00a0 Remanso-Bahia<\/span><\/strong><\/p>\n<h4><span style=\"color: #ff0000;\">Celular \/ Whatsapp: (74) 9 9818 \u2013 4099\u00a0<\/span><\/h4>\n<h4>E-mail: escola_girassol@yahoo.com.br<\/h4>\n<p><strong>\u00a0<\/strong><\/p>\n","protected":false},"excerpt":{"rendered":"<p>Educa\u00e7\u00e3o Infantil, Ensino Fundamental e M\u00e9dio Av. Franklin de Albuquerque, 521, Qd. 07 &#8211; CEP: 47200-000\u00a0\u00a0 Remanso-Bahia Celular \/ Whatsapp: (74) 9 9818 \u2013&#8230; &nbsp; <a href=\"https:\/\/www.egirassol.com.br\/home\/contato\/\" class=\"moretag\">Continue lendo<\/a><\/p>\n","protected":false},"author":1,"featured_media":0,"parent":0,"menu_order":0,"comment_status":"open","ping_status":"open","template":"contact.php","meta":{"footnotes":""},"class_list":["post-28","page","type-page","status-publish","hentry"],"_links":{"self":[{"href":"https:\/\/www.egirassol.com.br\/home\/wp-json\/wp\/v2\/pages\/28","targetHints":{"allow":["GET"]}}],"collection":[{"href":"https:\/\/www.egirassol.com.br\/home\/wp-json\/wp\/v2\/pages"}],"about":[{"href":"https:\/\/www.egirassol.com.br\/home\/wp-json\/wp\/v2\/types\/page"}],"author":[{"embeddable":true,"href":"https:\/\/www.egirassol.com.br\/home\/wp-json\/wp\/v2\/users\/1"}],"replies":[{"embeddable":true,"href":"https:\/\/www.egirassol.com.br\/home\/wp-json\/wp\/v2\/comments?post=28"}],"version-history":[{"count":5,"href":"https:\/\/www.egirassol.com.br\/home\/wp-json\/wp\/v2\/pages\/28\/revisions"}],"predecessor-version":[{"id":31456,"href":"https:\/\/www.egirassol.com.br\/home\/wp-json\/wp\/v2\/pages\/28\/revisions\/31456"}],"wp:attachment":[{"href":"https:\/\/www.egirassol.com.br\/home\/wp-json\/wp\/v2\/media?parent=28"}],"curies":[{"name":"wp","href":"https:\/\/api.w.org\/{rel}","templated":true}]}}